{"id":5391,"date":"2024-07-21T17:43:50","date_gmt":"2024-07-21T15:43:50","guid":{"rendered":"https:\/\/www.papymousse.be\/?page_id=5391"},"modified":"2024-07-22T17:55:52","modified_gmt":"2024-07-22T15:55:52","slug":"voering-4","status":"publish","type":"page","link":"https:\/\/www.papymousse.be\/nl\/mentions-legales\/","title":{"rendered":"Juridische informatie"},"content":{"rendered":"<div data-elementor-type=\"wp-page\" data-elementor-id=\"5391\" class=\"elementor elementor-5391\" data-elementor-settings=\"{&quot;ha_cmc_init_switcher&quot;:&quot;no&quot;}\" data-elementor-post-type=\"page\">\n\t\t\t\t\t\t<section class=\"elementor-section elementor-top-section elementor-element elementor-element-7e74f063 elementor-section-full_width elementor-section-height-default elementor-section-height-default\" data-id=\"7e74f063\" data-element_type=\"section\" data-e-type=\"section\" data-settings=\"{&quot;background_background&quot;:&quot;classic&quot;,&quot;_ha_eqh_enable&quot;:false}\">\n\t\t\t\t\t\t\t<div class=\"elementor-background-overlay\"><\/div>\n\t\t\t\t\t\t\t<div class=\"elementor-container elementor-column-gap-default\">\n\t\t\t\t\t<div class=\"elementor-column elementor-col-33 elementor-top-column elementor-element elementor-element-2e490798\" data-id=\"2e490798\" data-element_type=\"column\" data-e-type=\"column\">\n\t\t\t<div class=\"elementor-widget-wrap elementor-element-populated\">\n\t\t\t\t\t\t<div class=\"elementor-element elementor-element-1163c70d elementor-widget elementor-widget-spacer\" data-id=\"1163c70d\" data-element_type=\"widget\" data-e-type=\"widget\" data-widget_type=\"spacer.default\">\n\t\t\t\t<div class=\"elementor-widget-container\">\n\t\t\t\t\t\t\t<div class=\"elementor-spacer\">\n\t\t\t<div class=\"elementor-spacer-inner\"><\/div>\n\t\t<\/div>\n\t\t\t\t\t\t<\/div>\n\t\t\t\t<\/div>\n\t\t\t\t<div class=\"elementor-element elementor-element-38301bf5 elementor-invisible elementor-widget elementor-widget-heading\" data-id=\"38301bf5\" data-element_type=\"widget\" data-e-type=\"widget\" data-settings=\"{&quot;_animation&quot;:&quot;fadeIn&quot;,&quot;_animation_delay&quot;:600}\" data-widget_type=\"heading.default\">\n\t\t\t\t<div class=\"elementor-widget-container\">\n\t\t\t\t\t<h1 class=\"elementor-heading-title elementor-size-default\">bij Atelier Papymousse<\/h1>\t\t\t\t<\/div>\n\t\t\t\t<\/div>\n\t\t\t\t<div class=\"elementor-element elementor-element-75a1acc3 elementor-invisible elementor-widget elementor-widget-heading\" data-id=\"75a1acc3\" data-element_type=\"widget\" data-e-type=\"widget\" data-settings=\"{&quot;_animation&quot;:&quot;fadeIn&quot;,&quot;_animation_delay&quot;:600}\" data-widget_type=\"heading.default\">\n\t\t\t\t<div class=\"elementor-widget-container\">\n\t\t\t\t\t<h2 class=\"elementor-heading-title elementor-size-default\">Juridische informatie<\/h2>\t\t\t\t<\/div>\n\t\t\t\t<\/div>\n\t\t\t\t<div class=\"elementor-element elementor-element-6f4ef47c elementor-widget elementor-widget-spacer\" data-id=\"6f4ef47c\" data-element_type=\"widget\" data-e-type=\"widget\" data-widget_type=\"spacer.default\">\n\t\t\t\t<div class=\"elementor-widget-container\">\n\t\t\t\t\t\t\t<div class=\"elementor-spacer\">\n\t\t\t<div class=\"elementor-spacer-inner\"><\/div>\n\t\t<\/div>\n\t\t\t\t\t\t<\/div>\n\t\t\t\t<\/div>\n\t\t\t\t\t<\/div>\n\t\t<\/div>\n\t\t\t\t<div class=\"elementor-column elementor-col-33 elementor-top-column elementor-element elementor-element-5abc2577\" data-id=\"5abc2577\" data-element_type=\"column\" data-e-type=\"column\">\n\t\t\t<div class=\"elementor-widget-wrap elementor-element-populated\">\n\t\t\t\t\t\t<div class=\"elementor-element elementor-element-2295b9a6 elementor-widget elementor-widget-spacer\" data-id=\"2295b9a6\" data-element_type=\"widget\" data-e-type=\"widget\" data-widget_type=\"spacer.default\">\n\t\t\t\t<div class=\"elementor-widget-container\">\n\t\t\t\t\t\t\t<div class=\"elementor-spacer\">\n\t\t\t<div class=\"elementor-spacer-inner\"><\/div>\n\t\t<\/div>\n\t\t\t\t\t\t<\/div>\n\t\t\t\t<\/div>\n\t\t\t\t<div class=\"elementor-element elementor-element-374cafe9 elementor-widget elementor-widget-image\" data-id=\"374cafe9\" data-element_type=\"widget\" data-e-type=\"widget\" data-widget_type=\"image.default\">\n\t\t\t\t<div class=\"elementor-widget-container\">\n\t\t\t\t\t\t\t\t\t\t\t\t\t\t\t<img fetchpriority=\"high\" decoding=\"async\" width=\"2400\" height=\"1200\" src=\"https:\/\/www.papymousse.be\/wp-content\/uploads\/2024\/04\/fau.png\" class=\"attachment-full size-full wp-image-5111\" alt=\"\" srcset=\"https:\/\/www.papymousse.be\/wp-content\/uploads\/2024\/04\/fau.png 2400w, https:\/\/www.papymousse.be\/wp-content\/uploads\/2024\/04\/fau-300x150.png 300w, https:\/\/www.papymousse.be\/wp-content\/uploads\/2024\/04\/fau-1024x512.png 1024w, https:\/\/www.papymousse.be\/wp-content\/uploads\/2024\/04\/fau-768x384.png 768w, https:\/\/www.papymousse.be\/wp-content\/uploads\/2024\/04\/fau-1536x768.png 1536w, https:\/\/www.papymousse.be\/wp-content\/uploads\/2024\/04\/fau-2048x1024.png 2048w\" sizes=\"(max-width: 2400px) 100vw, 2400px\" \/>\t\t\t\t\t\t\t\t\t\t\t\t\t\t\t<\/div>\n\t\t\t\t<\/div>\n\t\t\t\t\t<\/div>\n\t\t<\/div>\n\t\t\t\t<div class=\"elementor-column elementor-col-33 elementor-top-column elementor-element elementor-element-2598b383\" data-id=\"2598b383\" data-element_type=\"column\" data-e-type=\"column\">\n\t\t\t<div class=\"elementor-widget-wrap elementor-element-populated\">\n\t\t\t\t\t\t<div class=\"elementor-element elementor-element-3f85b9d8 elementor-widget elementor-widget-spacer\" data-id=\"3f85b9d8\" data-element_type=\"widget\" data-e-type=\"widget\" data-widget_type=\"spacer.default\">\n\t\t\t\t<div class=\"elementor-widget-container\">\n\t\t\t\t\t\t\t<div class=\"elementor-spacer\">\n\t\t\t<div class=\"elementor-spacer-inner\"><\/div>\n\t\t<\/div>\n\t\t\t\t\t\t<\/div>\n\t\t\t\t<\/div>\n\t\t\t\t\t<\/div>\n\t\t<\/div>\n\t\t\t\t\t<\/div>\n\t\t<\/section>\n\t\t\t\t<section class=\"elementor-section elementor-top-section elementor-element elementor-element-17c06809 elementor-section-boxed elementor-section-height-default elementor-section-height-default\" data-id=\"17c06809\" data-element_type=\"section\" data-e-type=\"section\" data-settings=\"{&quot;_ha_eqh_enable&quot;:false}\">\n\t\t\t\t\t\t<div class=\"elementor-container elementor-column-gap-default\">\n\t\t\t\t\t<div class=\"elementor-column elementor-col-100 elementor-top-column elementor-element elementor-element-267348c2\" data-id=\"267348c2\" data-element_type=\"column\" data-e-type=\"column\">\n\t\t\t<div class=\"elementor-widget-wrap elementor-element-populated\">\n\t\t\t\t\t\t<div class=\"elementor-element elementor-element-62a09e35 elementor-widget elementor-widget-heading\" data-id=\"62a09e35\" data-element_type=\"widget\" data-e-type=\"widget\" data-widget_type=\"heading.default\">\n\t\t\t\t<div class=\"elementor-widget-container\">\n\t\t\t\t\t<h2 class=\"elementor-heading-title elementor-size-default\">Juridische informatie<\/h2>\t\t\t\t<\/div>\n\t\t\t\t<\/div>\n\t\t\t\t\t<\/div>\n\t\t<\/div>\n\t\t\t\t\t<\/div>\n\t\t<\/section>\n\t\t\t\t<section class=\"elementor-section elementor-top-section elementor-element elementor-element-037f8f3 elementor-section-boxed elementor-section-height-default elementor-section-height-default\" data-id=\"037f8f3\" data-element_type=\"section\" data-e-type=\"section\" data-settings=\"{&quot;_ha_eqh_enable&quot;:false}\">\n\t\t\t\t\t\t<div class=\"elementor-container elementor-column-gap-default\">\n\t\t\t\t\t<div class=\"elementor-column elementor-col-100 elementor-top-column elementor-element elementor-element-4b3ed6f\" data-id=\"4b3ed6f\" data-element_type=\"column\" data-e-type=\"column\">\n\t\t\t<div class=\"elementor-widget-wrap elementor-element-populated\">\n\t\t\t\t\t\t<div class=\"elementor-element elementor-element-1200bd3 elementor-widget elementor-widget-text-editor\" data-id=\"1200bd3\" data-element_type=\"widget\" data-e-type=\"widget\" data-widget_type=\"text-editor.default\">\n\t\t\t\t<div class=\"elementor-widget-container\">\n\t\t\t\t\t\t\t\t\t<p><strong>Aux Ateliers de Papymousse srl<\/strong><\/p>\n<p>Adresse : rue du Noyer 29A 1000 Bruxelles Num\u00e9ro d\u2019entreprise : <u>0507.630.890.<\/u><\/p>\n<p>Num\u00e9ro de TVA : BE<a href=\"https:\/\/kbopub.economie.fgov.be\/kbopub\/toonondernemingps.html?ondernemingsnummer=877585922\">0507.630.890<\/a><\/p>\n<p><strong>Aide et contact<\/strong><\/p>\n<p>Num\u00e9ro de t\u00e9l\u00e9phone : 02\/733.50.55<\/p>\n<p>Adresse e-mail : service@papymousse.be<\/p>\n<p>Repr\u00e9sentants l\u00e9gaux : Raymackers Pascal<\/p>\n<p><strong>Juridische informatie<\/strong><\/p>\n<p>Ce site internet est la propri\u00e9t\u00e9 de Aux Ateliers de Papymousse SRL, rue du Noyer 29A, 1000 Bruxelles &#8211; Num\u00e9ro d\u2019entreprise : <u>0507.630.890 <\/u>&#8211; Num\u00e9ro de TVA : BE<a href=\"https:\/\/kbopub.economie.fgov.be\/kbopub\/toonondernemingps.html?ondernemingsnummer=877585922\">0507.630.890<\/a><\/p>\n<p>Ce droit de propri\u00e9t\u00e9 ne comprend pas les Donn\u00e9es \u00e0 Caract\u00e8re Personnel qui sont soumises au travers des diff\u00e9rents formulaires et transmises exclusivement au Responsable du Traitement tel que d\u00e9fini dans le R\u00e8glement (EU) 2016\/679.<\/p>\n<p>En ce sens, Aux Ateliers de Papymousse SRL entend se conformer aux textes l\u00e9gaux d\u00e9terminant la protection des donn\u00e9es \u00e0 caract\u00e8re personnel des visiteurs de ce site internet, \u00e0 savoir la Loi du 30 juillet 2018 (Loi relative \u00e0 la protection des personnes physiques \u00e0 l\u2019\u00e9gard des traitements de donn\u00e9es \u00e0 caract\u00e8re personnel) et le R\u00e8glement europ\u00e9en du 27 avril 2016 applicable depuis le 25 mai 2018. La vie priv\u00e9e de chaque internaute se rendant sur ce site est respect\u00e9e, les informations recueillies \u00e0 son sujet ne sont utilis\u00e9es que de mani\u00e8re appropri\u00e9e.<\/p>\n<p>Veuillez consulter notre <a href=\"https:\/\/www.beneloo.com\/politique-de-confidentialite\/\">POLITIQUE DE CONFIDENTIALIT\u00c9<\/a> afin de conna\u00eetre vos droits en mati\u00e8re de protection de vos Donn\u00e9es \u00e0 Caract\u00e8re Personnel.<\/p>\n<ol>\n<li><strong> G\u00e9n\u00e9ralit\u00e9s<\/strong><\/li>\n<\/ol>\n<p>L\u2019utilisation de ce site implique l\u2019acceptation pleine et enti\u00e8re des conditions d\u2019utilisation ci-apr\u00e8s d\u00e9crites. Ces conditions d\u2019utilisation sont susceptibles d\u2019\u00eatre modifi\u00e9es ou compl\u00e9t\u00e9es \u00e0 tout moment, les utilisateurs du site sont donc invit\u00e9s \u00e0 les consulter de mani\u00e8re r\u00e9guli\u00e8re. Ce site est normalement accessible \u00e0 tout moment aux utilisateurs. Une interruption pour raison de maintenance technique peut toutefois \u00eatre d\u00e9cid\u00e9e par Aux Ateliers de Papymousse SRL, qui s\u2019efforcera alors de communiquer pr\u00e9alablement aux utilisateurs les dates et heures de l\u2019intervention. Le site est mis \u00e0 jour r\u00e9guli\u00e8rement par Aux Ateliers de Papymousse SRL. De la m\u00eame fa\u00e7on, les mentions l\u00e9gales peuvent \u00eatre modifi\u00e9es \u00e0 tout moment : elles s\u2019imposent n\u00e9anmoins \u00e0 l\u2019utilisateur qui est invit\u00e9 \u00e0 s\u2019y r\u00e9f\u00e9rer le plus souvent possible afin d\u2019en prendre connaissance.<\/p>\n<ol start=\"2\">\n<li><strong> Description des services fournis<\/strong><\/li>\n<\/ol>\n<p>Ce site a pour objet de fournir une information concernant l\u2019ensemble des services offerts par l\u2019entreprise Aux Ateliers de Papymousse SRL. Celle-ci s\u2019efforce de fournir sur le site des informations aussi pr\u00e9cises que possible. Toutefois, elle ne peut \u00eatre tenue responsable des omissions, des inexactitudes et des carences dans la mise \u00e0 jour, qu\u2019elles soient de son fait ou du fait des tiers partenaires qui lui fournissent ces informations. Toutes les informations indiqu\u00e9es sur ce site sont donn\u00e9es \u00e0 titre indicatif, et sont susceptibles d\u2019\u00e9voluer. Par ailleurs, les renseignements y figurant ne sont pas exhaustifs. Ils sont donn\u00e9s sous r\u00e9serve de modifications ayant \u00e9t\u00e9 apport\u00e9es depuis leur mise en ligne.<\/p>\n<ol start=\"3\">\n<li><strong> Limitations contractuelles sur les donn\u00e9es techniques<\/strong><\/li>\n<\/ol>\n<p>Le site Internet ne pourra \u00eatre tenu responsable de dommages mat\u00e9riels li\u00e9s \u00e0 l\u2019utilisation du site. De plus, l\u2019utilisateur du site s\u2019engage \u00e0 acc\u00e9der au site en utilisant un mat\u00e9riel r\u00e9cent, ne contenant pas de virus et avec un navigateur de derni\u00e8re g\u00e9n\u00e9ration mis \u00e0 jour.<\/p>\n<ol start=\"4\">\n<li><strong> Propri\u00e9t\u00e9 intellectuelle et contrefa\u00e7ons<\/strong><\/li>\n<\/ol>\n<p>Sauf mention contraire, Aux Ateliers de Papymousse SRL est propri\u00e9taire des droits de propri\u00e9t\u00e9 intellectuelle ou d\u00e9tient les droits d\u2019usage sur tous les \u00e9l\u00e9ments accessibles sur le site, notamment les textes, images, graphismes, logo, ic\u00f4nes, sons, logiciels. Toute reproduction, repr\u00e9sentation, modification, publication, adaptation de tout ou partie des \u00e9l\u00e9ments du site, quel que soit le moyen ou le proc\u00e9d\u00e9 utilis\u00e9, est interdite, sauf autorisation \u00e9crite pr\u00e9alable de Aux Ateliers de Papymousse SRL. Toute exploitation non autoris\u00e9e du site ou de l\u2019un des \u00e9l\u00e9ments qu\u2019il contient sera consid\u00e9r\u00e9e comme constitutive d\u2019une contrefa\u00e7on et poursuivie conform\u00e9ment aux dispositions l\u00e9gales.<\/p>\n<ol start=\"5\">\n<li><strong> Les cookies<\/strong><\/li>\n<\/ol>\n<p>Outre la r\u00e9colte de donn\u00e9es personnelles via un formulaire de contact, certaines donn\u00e9es peuvent \u00eatre r\u00e9cup\u00e9r\u00e9es \u00e0 travers des cookies plac\u00e9s sur le site Internet.<\/p>\n<p>Un cookie est un fichier plac\u00e9 par un site sur le navigateur que vous utilisez pour surfer sur internet. Il permet de vous reconna\u00eetre \u00e0 chaque visite que vous effectuez sur le site concern\u00e9. Les cookies peuvent \u00eatre plac\u00e9s par le propri\u00e9taire du site internet ou par des prestataires externes en fonction de leur but expliqu\u00e9 ci-apr\u00e8s.<\/p>\n<p><strong>Les diff\u00e9rents cookies utilis\u00e9s sur ce site<\/strong><\/p>\n<ul>\n<li><strong>Les cookies techniques ou fonctionnels<\/strong> : Il s\u2019agit des cookies implant\u00e9s par le site web que vous visitez dans le but de faciliter votre navigation, comme ceux qui retiennent la langue que vous utilisez. Ces cookies sont :<\/li>\n<li><strong>Naam<\/strong> : PHPSESSID | <strong>Utilit\u00e9<\/strong> : Strictement technique, permet au serveur distant de maintenir une session active | <strong>Expiration apr\u00e8s<\/strong> : 1 an<\/li>\n<li><strong>Naam<\/strong> : acceptCookies | <strong>Utilit\u00e9<\/strong> : Permet au site de retenir le fait que vous avez accept\u00e9 (ou non) les cookies | <strong>Expiration apr\u00e8s<\/strong> : 1 an<\/li>\n<li><strong>Les cookies li\u00e9s aux r\u00e9seaux sociaux<\/strong> : Si vous naviguez sur ce site en provenant d\u2019un r\u00e9seau social ou que vous cliquez sur un lien vous menant vers un r\u00e9seau social, un cookie peut \u00eatre appos\u00e9 sur votre navigateur. Ces cookies cr\u00e9\u00e9s par des tiers sont s\u00e9curis\u00e9s, mais vous pouvez les effacer \u00e0 tout moment.<\/li>\n<li><strong>Les cookies li\u00e9s aux statistiques<\/strong> : Pour mesurer le trafic du site internet et d\u00e9terminer les diff\u00e9rents profils des internautes y navigant (de fa\u00e7on anonyme), des cookies tiers y sont plac\u00e9s. Il s\u2019agit de Google Analytics et\/ou Google Adwords. Les cookies sont stock\u00e9s sur votre navigateur et transmettent au propri\u00e9taire du site internet et \u00e0 ses prestataires externes les informations demand\u00e9es. Vous pouvez cependant \u00e0 tout instant supprimer ces cookies en vous rendant dans l\u2019historique de votre navigateur. Ces cookies sont :<\/li>\n<li><strong>Naam<\/strong> : _ga | <strong>Utilit\u00e9<\/strong> : Enregistre un identifiant unique afin de suivre le visiteur sur le site | <strong>Expiration apr\u00e8s<\/strong> : 1 jour<\/li>\n<li><strong>Naam<\/strong> : _gid | <strong>Utilit\u00e9<\/strong> : Enregistre un identifiant unique afin de suivre le visiteur sur le site | <strong>Expiration apr\u00e8s<\/strong> : 2 ans<\/li>\n<li><strong>Naam<\/strong> : _gat | <strong>Utilit\u00e9<\/strong> : Utilis\u00e9 par Google Analytics pour diminuer radicalement le taux de requ\u00eate | <strong>Expiration apr\u00e8s<\/strong> : Session en cours<\/li>\n<\/ul>\n<ol start=\"6\">\n<li><strong> Droit applicable \u2013 Litiges<\/strong><\/li>\n<\/ol>\n<p>Ces dispositions seront r\u00e9gies, interpr\u00e9t\u00e9es, ex\u00e9cut\u00e9es conform\u00e9ment au droit belge, seul droit applicable, en cas de litige.<\/p>\n<p>Tout litige qui n\u2019aura pas pu \u00eatre r\u00e9gl\u00e9 \u00e0 l\u2019amiable dans un d\u00e9lai n\u2019exc\u00e9dant pas un mois \u00e0 compter de sa survenance, ce d\u00e9lai pouvant \u00eatre prolong\u00e9 de commun accord, pourra \u00eatre port\u00e9 par la partie la plus diligente devant les Cours et Tribunaux de l\u2019arrondissement concern\u00e9.<\/p>\t\t\t\t\t\t\t\t<\/div>\n\t\t\t\t<\/div>\n\t\t\t\t\t<\/div>\n\t\t<\/div>\n\t\t\t\t\t<\/div>\n\t\t<\/section>\n\t\t\t\t<\/div>","protected":false},"excerpt":{"rendered":"<p>Aux Ateliers de Papymousse Mentions l\u00e9gales Mentions l\u00e9gales Aux Ateliers de Papymousse srl Adresse : rue du Noyer 29A 1000 Bruxelles Num\u00e9ro d\u2019entreprise : 0507.630.890. Num\u00e9ro de TVA : BE0507.630.890 Aide et contact Num\u00e9ro de t\u00e9l\u00e9phone : 02\/733.50.55 Adresse e-mail : service@papymousse.be Repr\u00e9sentants l\u00e9gaux : Raymackers Pascal Mentions l\u00e9gales Ce site internet est la propri\u00e9t\u00e9 [&hellip;]<\/p>\n","protected":false},"author":1,"featured_media":0,"parent":0,"menu_order":0,"comment_status":"closed","ping_status":"closed","template":"","meta":{"site-sidebar-layout":"no-sidebar","site-content-layout":"page-builder","ast-site-content-layout":"full-width-container","site-content-style":"default","site-sidebar-style":"default","ast-global-header-display":"","ast-banner-title-visibility":"","ast-main-header-display":"","ast-hfb-above-header-display":"","ast-hfb-below-header-display":"","ast-hfb-mobile-header-display":"","site-post-title":"disabled","ast-breadcrumbs-content":"","ast-featured-img":"disabled","footer-sml-layout":"","ast-disable-related-posts":"","theme-transparent-header-meta":"","adv-header-id-meta":"","stick-header-meta":"","header-above-stick-meta":"","header-main-stick-meta":"","header-below-stick-meta":"","astra-migrate-meta-layouts":"set","ast-page-background-enabled":"default","ast-page-background-meta":{"desktop":{"background-color":"","background-image":"","background-repeat":"repeat","background-position":"center center","background-size":"auto","background-attachment":"scroll","background-type":"","background-media":"","overlay-type":"","overlay-color":"","overlay-opacity":"","overlay-gradient":""},"tablet":{"background-color":"","background-image":"","background-repeat":"repeat","background-position":"center center","background-size":"auto","background-attachment":"scroll","background-type":"","background-media":"","overlay-type":"","overlay-color":"","overlay-opacity":"","overlay-gradient":""},"mobile":{"background-color":"","background-image":"","background-repeat":"repeat","background-position":"center center","background-size":"auto","background-attachment":"scroll","background-type":"","background-media":"","overlay-type":"","overlay-color":"","overlay-opacity":"","overlay-gradient":""}},"ast-content-background-meta":{"desktop":{"background-color":"var(--ast-global-color-5)","background-image":"","background-repeat":"repeat","background-position":"center center","background-size":"auto","background-attachment":"scroll","background-type":"","background-media":"","overlay-type":"","overlay-color":"","overlay-opacity":"","overlay-gradient":""},"tablet":{"background-color":"var(--ast-global-color-5)","background-image":"","background-repeat":"repeat","background-position":"center center","background-size":"auto","background-attachment":"scroll","background-type":"","background-media":"","overlay-type":"","overlay-color":"","overlay-opacity":"","overlay-gradient":""},"mobile":{"background-color":"var(--ast-global-color-5)","background-image":"","background-repeat":"repeat","background-position":"center center","background-size":"auto","background-attachment":"scroll","background-type":"","background-media":"","overlay-type":"","overlay-color":"","overlay-opacity":"","overlay-gradient":""}},"footnotes":""},"class_list":["post-5391","page","type-page","status-publish","hentry"],"_links":{"self":[{"href":"https:\/\/www.papymousse.be\/nl\/wp-json\/wp\/v2\/pages\/5391","targetHints":{"allow":["GET"]}}],"collection":[{"href":"https:\/\/www.papymousse.be\/nl\/wp-json\/wp\/v2\/pages"}],"about":[{"href":"https:\/\/www.papymousse.be\/nl\/wp-json\/wp\/v2\/types\/page"}],"author":[{"embeddable":true,"href":"https:\/\/www.papymousse.be\/nl\/wp-json\/wp\/v2\/users\/1"}],"replies":[{"embeddable":true,"href":"https:\/\/www.papymousse.be\/nl\/wp-json\/wp\/v2\/comments?post=5391"}],"version-history":[{"count":8,"href":"https:\/\/www.papymousse.be\/nl\/wp-json\/wp\/v2\/pages\/5391\/revisions"}],"predecessor-version":[{"id":5411,"href":"https:\/\/www.papymousse.be\/nl\/wp-json\/wp\/v2\/pages\/5391\/revisions\/5411"}],"wp:attachment":[{"href":"https:\/\/www.papymousse.be\/nl\/wp-json\/wp\/v2\/media?parent=5391"}],"curies":[{"name":"wp","href":"https:\/\/api.w.org\/{rel}","templated":true}]}}