{"id":5385,"date":"2024-07-21T17:39:44","date_gmt":"2024-07-21T15:39:44","guid":{"rendered":"https:\/\/www.papymousse.be\/?page_id=5385"},"modified":"2024-07-22T17:56:33","modified_gmt":"2024-07-22T15:56:33","slug":"voering-3","status":"publish","type":"page","link":"https:\/\/www.papymousse.be\/nl\/politique-de-confidentialite\/","title":{"rendered":"Privacybeleid"},"content":{"rendered":"<div data-elementor-type=\"wp-page\" data-elementor-id=\"5385\" class=\"elementor elementor-5385\" data-elementor-settings=\"{&quot;ha_cmc_init_switcher&quot;:&quot;no&quot;}\" data-elementor-post-type=\"page\">\n\t\t\t\t\t\t<section class=\"elementor-section elementor-top-section elementor-element elementor-element-7e74f063 elementor-section-full_width elementor-section-height-default elementor-section-height-default\" data-id=\"7e74f063\" data-element_type=\"section\" data-e-type=\"section\" data-settings=\"{&quot;background_background&quot;:&quot;classic&quot;,&quot;_ha_eqh_enable&quot;:false}\">\n\t\t\t\t\t\t\t<div class=\"elementor-background-overlay\"><\/div>\n\t\t\t\t\t\t\t<div class=\"elementor-container elementor-column-gap-default\">\n\t\t\t\t\t<div class=\"elementor-column elementor-col-33 elementor-top-column elementor-element elementor-element-2e490798\" data-id=\"2e490798\" data-element_type=\"column\" data-e-type=\"column\">\n\t\t\t<div class=\"elementor-widget-wrap elementor-element-populated\">\n\t\t\t\t\t\t<div class=\"elementor-element elementor-element-1163c70d elementor-widget elementor-widget-spacer\" data-id=\"1163c70d\" data-element_type=\"widget\" data-e-type=\"widget\" data-widget_type=\"spacer.default\">\n\t\t\t\t<div class=\"elementor-widget-container\">\n\t\t\t\t\t\t\t<div class=\"elementor-spacer\">\n\t\t\t<div class=\"elementor-spacer-inner\"><\/div>\n\t\t<\/div>\n\t\t\t\t\t\t<\/div>\n\t\t\t\t<\/div>\n\t\t\t\t<div class=\"elementor-element elementor-element-38301bf5 elementor-invisible elementor-widget elementor-widget-heading\" data-id=\"38301bf5\" data-element_type=\"widget\" data-e-type=\"widget\" data-settings=\"{&quot;_animation&quot;:&quot;fadeIn&quot;,&quot;_animation_delay&quot;:600}\" data-widget_type=\"heading.default\">\n\t\t\t\t<div class=\"elementor-widget-container\">\n\t\t\t\t\t<h1 class=\"elementor-heading-title elementor-size-default\">bij Atelier Papymousse<\/h1>\t\t\t\t<\/div>\n\t\t\t\t<\/div>\n\t\t\t\t<div class=\"elementor-element elementor-element-75a1acc3 elementor-invisible elementor-widget elementor-widget-heading\" data-id=\"75a1acc3\" data-element_type=\"widget\" data-e-type=\"widget\" data-settings=\"{&quot;_animation&quot;:&quot;fadeIn&quot;,&quot;_animation_delay&quot;:600}\" data-widget_type=\"heading.default\">\n\t\t\t\t<div class=\"elementor-widget-container\">\n\t\t\t\t\t<h2 class=\"elementor-heading-title elementor-size-default\">Privacybeleid<\/h2>\t\t\t\t<\/div>\n\t\t\t\t<\/div>\n\t\t\t\t<div class=\"elementor-element elementor-element-6f4ef47c elementor-widget elementor-widget-spacer\" data-id=\"6f4ef47c\" data-element_type=\"widget\" data-e-type=\"widget\" data-widget_type=\"spacer.default\">\n\t\t\t\t<div class=\"elementor-widget-container\">\n\t\t\t\t\t\t\t<div class=\"elementor-spacer\">\n\t\t\t<div class=\"elementor-spacer-inner\"><\/div>\n\t\t<\/div>\n\t\t\t\t\t\t<\/div>\n\t\t\t\t<\/div>\n\t\t\t\t\t<\/div>\n\t\t<\/div>\n\t\t\t\t<div class=\"elementor-column elementor-col-33 elementor-top-column elementor-element elementor-element-5abc2577\" data-id=\"5abc2577\" data-element_type=\"column\" data-e-type=\"column\">\n\t\t\t<div class=\"elementor-widget-wrap elementor-element-populated\">\n\t\t\t\t\t\t<div class=\"elementor-element elementor-element-2295b9a6 elementor-widget elementor-widget-spacer\" data-id=\"2295b9a6\" data-element_type=\"widget\" data-e-type=\"widget\" data-widget_type=\"spacer.default\">\n\t\t\t\t<div class=\"elementor-widget-container\">\n\t\t\t\t\t\t\t<div class=\"elementor-spacer\">\n\t\t\t<div class=\"elementor-spacer-inner\"><\/div>\n\t\t<\/div>\n\t\t\t\t\t\t<\/div>\n\t\t\t\t<\/div>\n\t\t\t\t<div class=\"elementor-element elementor-element-374cafe9 elementor-widget elementor-widget-image\" data-id=\"374cafe9\" data-element_type=\"widget\" data-e-type=\"widget\" data-widget_type=\"image.default\">\n\t\t\t\t<div class=\"elementor-widget-container\">\n\t\t\t\t\t\t\t\t\t\t\t\t\t\t\t<img fetchpriority=\"high\" decoding=\"async\" width=\"2400\" height=\"1200\" src=\"https:\/\/www.papymousse.be\/wp-content\/uploads\/2024\/04\/fau.png\" class=\"attachment-full size-full wp-image-5111\" alt=\"\" srcset=\"https:\/\/www.papymousse.be\/wp-content\/uploads\/2024\/04\/fau.png 2400w, https:\/\/www.papymousse.be\/wp-content\/uploads\/2024\/04\/fau-300x150.png 300w, https:\/\/www.papymousse.be\/wp-content\/uploads\/2024\/04\/fau-1024x512.png 1024w, https:\/\/www.papymousse.be\/wp-content\/uploads\/2024\/04\/fau-768x384.png 768w, https:\/\/www.papymousse.be\/wp-content\/uploads\/2024\/04\/fau-1536x768.png 1536w, https:\/\/www.papymousse.be\/wp-content\/uploads\/2024\/04\/fau-2048x1024.png 2048w\" sizes=\"(max-width: 2400px) 100vw, 2400px\" \/>\t\t\t\t\t\t\t\t\t\t\t\t\t\t\t<\/div>\n\t\t\t\t<\/div>\n\t\t\t\t\t<\/div>\n\t\t<\/div>\n\t\t\t\t<div class=\"elementor-column elementor-col-33 elementor-top-column elementor-element elementor-element-2598b383\" data-id=\"2598b383\" data-element_type=\"column\" data-e-type=\"column\">\n\t\t\t<div class=\"elementor-widget-wrap elementor-element-populated\">\n\t\t\t\t\t\t<div class=\"elementor-element elementor-element-3f85b9d8 elementor-widget elementor-widget-spacer\" data-id=\"3f85b9d8\" data-element_type=\"widget\" data-e-type=\"widget\" data-widget_type=\"spacer.default\">\n\t\t\t\t<div class=\"elementor-widget-container\">\n\t\t\t\t\t\t\t<div class=\"elementor-spacer\">\n\t\t\t<div class=\"elementor-spacer-inner\"><\/div>\n\t\t<\/div>\n\t\t\t\t\t\t<\/div>\n\t\t\t\t<\/div>\n\t\t\t\t\t<\/div>\n\t\t<\/div>\n\t\t\t\t\t<\/div>\n\t\t<\/section>\n\t\t\t\t<section class=\"elementor-section elementor-top-section elementor-element elementor-element-17c06809 elementor-section-boxed elementor-section-height-default elementor-section-height-default\" data-id=\"17c06809\" data-element_type=\"section\" data-e-type=\"section\" data-settings=\"{&quot;_ha_eqh_enable&quot;:false}\">\n\t\t\t\t\t\t<div class=\"elementor-container elementor-column-gap-default\">\n\t\t\t\t\t<div class=\"elementor-column elementor-col-100 elementor-top-column elementor-element elementor-element-267348c2\" data-id=\"267348c2\" data-element_type=\"column\" data-e-type=\"column\">\n\t\t\t<div class=\"elementor-widget-wrap elementor-element-populated\">\n\t\t\t\t\t\t<div class=\"elementor-element elementor-element-62a09e35 elementor-widget elementor-widget-heading\" data-id=\"62a09e35\" data-element_type=\"widget\" data-e-type=\"widget\" data-widget_type=\"heading.default\">\n\t\t\t\t<div class=\"elementor-widget-container\">\n\t\t\t\t\t<h2 class=\"elementor-heading-title elementor-size-default\">Politique de confidentialit\u00e9\u200b<\/h2>\t\t\t\t<\/div>\n\t\t\t\t<\/div>\n\t\t\t\t\t<\/div>\n\t\t<\/div>\n\t\t\t\t\t<\/div>\n\t\t<\/section>\n\t\t\t\t<section class=\"elementor-section elementor-top-section elementor-element elementor-element-037f8f3 elementor-section-boxed elementor-section-height-default elementor-section-height-default\" data-id=\"037f8f3\" data-element_type=\"section\" data-e-type=\"section\" data-settings=\"{&quot;_ha_eqh_enable&quot;:false}\">\n\t\t\t\t\t\t<div class=\"elementor-container elementor-column-gap-default\">\n\t\t\t\t\t<div class=\"elementor-column elementor-col-100 elementor-top-column elementor-element elementor-element-4b3ed6f\" data-id=\"4b3ed6f\" data-element_type=\"column\" data-e-type=\"column\">\n\t\t\t<div class=\"elementor-widget-wrap elementor-element-populated\">\n\t\t\t\t\t\t<div class=\"elementor-element elementor-element-1200bd3 elementor-widget elementor-widget-text-editor\" data-id=\"1200bd3\" data-element_type=\"widget\" data-e-type=\"widget\" data-widget_type=\"text-editor.default\">\n\t\t\t\t<div class=\"elementor-widget-container\">\n\t\t\t\t\t\t\t\t\t<p>D\u00e9claration de confidentialit\u00e9 de Aux Ateliers de Papymousse<\/p>\n<p>Aux Ateliers de Papymousse respecte la vie priv\u00e9e de tous les utilisateurs de son site et veille \u00e0 ce que les informations personnelles que vous nous fournissez soient trait\u00e9es de mani\u00e8re confidentielle. Nous utilisons vos donn\u00e9es pour rendre les commandes aussi rapides et faciles que possible. Par ailleurs, nous n&rsquo;utilisons ces donn\u00e9es qu&rsquo;avec votre autorisation. <br><\/p>\n<p>Aux Ateliers de Papymousse utilise les donn\u00e9es collect\u00e9es pour fournir \u00e0 ses clients les services suivants :<\/p>\n<p>* Si vous passez une commande, nous avons besoin de votre nom, de votre adresse e-mail, de votre adresse de livraison et de vos donn\u00e9es de paiement pour ex\u00e9cuter votre commande et vous tenir inform\u00e9 de son \u00e9volution.<\/p>\n<p>Aux Ateliers de Papymousse ne vendra pas vos donn\u00e9es personnelles \u00e0 des tiers et ne les mettra \u00e0 la disposition que des tiers impliqu\u00e9s dans le traitement de votre commande.<\/p>\n<p>Vos donn\u00e9es personnelles sont en s\u00e9curit\u00e9 chez Aux Ateliers de Papymousse.<\/p>\n<p>Nous appr\u00e9cions la confiance que vous nous accordez et nous sommes donc extr\u00eamement prudents avec vos donn\u00e9es. Lorsque vous passez une commande, une connexion SSL (indiqu\u00e9e par https : dans votre navigateur) est utilis\u00e9e. Vos donn\u00e9es sont prot\u00e9g\u00e9es et restent confidentielles \u00e0 tout moment.&nbsp;<\/p>\n<p><b>Les cookies<\/b><\/p>\n<p>Les cookies sont de petits \u00e9l\u00e9ments d&rsquo;information stock\u00e9s par votre navigateur sur votre ordinateur. Aux Ateliers de Papymousse utilise des cookies pour vous reconna\u00eetre lors de votre prochaine visite dans certains cas. Les cookies nous permettent de collecter des informations sur l&rsquo;utilisation de nos services, de les am\u00e9liorer et de les adapter aux besoins de nos visiteurs. Nos cookies fournissent des informations relatives \u00e0 l&rsquo;identification personnelle. Vous pouvez configurer votre navigateur de mani\u00e8re \u00e0 ne pas recevoir de cookies lorsque vous faites des achats chez Aux Ateliers de Papymousse.<\/p>\n<p>Si vous avez des questions sur la d\u00e9claration de confidentialit\u00e9 de Aux Ateliers de Papymousse, veuillez envoyer un e-mail \u00e0 service@papymousse.be. Nous vous aiderons si vous avez besoin d&rsquo;informations sur vos donn\u00e9es ou si vous souhaitez les modifier. Vous avez express\u00e9ment le droit de corriger vos donn\u00e9es. Si des modifications doivent \u00eatre apport\u00e9es \u00e0 notre d\u00e9claration de confidentialit\u00e9, vous trouverez toujours les informations les plus r\u00e9centes sur cette page.<\/p>\t\t\t\t\t\t\t\t<\/div>\n\t\t\t\t<\/div>\n\t\t\t\t\t<\/div>\n\t\t<\/div>\n\t\t\t\t\t<\/div>\n\t\t<\/section>\n\t\t\t\t<\/div>","protected":false},"excerpt":{"rendered":"<p>Aux Ateliers de Papymousse Politique de confidentialit\u00e9 Politique de confidentialit\u00e9\u200b D\u00e9claration de confidentialit\u00e9 de Aux Ateliers de Papymousse Aux Ateliers de Papymousse respecte la vie priv\u00e9e de tous les utilisateurs de son site et veille \u00e0 ce que les informations personnelles que vous nous fournissez soient trait\u00e9es de mani\u00e8re confidentielle. Nous utilisons vos donn\u00e9es pour [&hellip;]<\/p>\n","protected":false},"author":1,"featured_media":0,"parent":0,"menu_order":0,"comment_status":"closed","ping_status":"closed","template":"","meta":{"site-sidebar-layout":"no-sidebar","site-content-layout":"page-builder","ast-site-content-layout":"full-width-container","site-content-style":"default","site-sidebar-style":"default","ast-global-header-display":"","ast-banner-title-visibility":"","ast-main-header-display":"","ast-hfb-above-header-display":"","ast-hfb-below-header-display":"","ast-hfb-mobile-header-display":"","site-post-title":"disabled","ast-breadcrumbs-content":"","ast-featured-img":"disabled","footer-sml-layout":"","ast-disable-related-posts":"","theme-transparent-header-meta":"","adv-header-id-meta":"","stick-header-meta":"","header-above-stick-meta":"","header-main-stick-meta":"","header-below-stick-meta":"","astra-migrate-meta-layouts":"set","ast-page-background-enabled":"default","ast-page-background-meta":{"desktop":{"background-color":"","background-image":"","background-repeat":"repeat","background-position":"center center","background-size":"auto","background-attachment":"scroll","background-type":"","background-media":"","overlay-type":"","overlay-color":"","overlay-opacity":"","overlay-gradient":""},"tablet":{"background-color":"","background-image":"","background-repeat":"repeat","background-position":"center center","background-size":"auto","background-attachment":"scroll","background-type":"","background-media":"","overlay-type":"","overlay-color":"","overlay-opacity":"","overlay-gradient":""},"mobile":{"background-color":"","background-image":"","background-repeat":"repeat","background-position":"center center","background-size":"auto","background-attachment":"scroll","background-type":"","background-media":"","overlay-type":"","overlay-color":"","overlay-opacity":"","overlay-gradient":""}},"ast-content-background-meta":{"desktop":{"background-color":"var(--ast-global-color-5)","background-image":"","background-repeat":"repeat","background-position":"center center","background-size":"auto","background-attachment":"scroll","background-type":"","background-media":"","overlay-type":"","overlay-color":"","overlay-opacity":"","overlay-gradient":""},"tablet":{"background-color":"var(--ast-global-color-5)","background-image":"","background-repeat":"repeat","background-position":"center center","background-size":"auto","background-attachment":"scroll","background-type":"","background-media":"","overlay-type":"","overlay-color":"","overlay-opacity":"","overlay-gradient":""},"mobile":{"background-color":"var(--ast-global-color-5)","background-image":"","background-repeat":"repeat","background-position":"center center","background-size":"auto","background-attachment":"scroll","background-type":"","background-media":"","overlay-type":"","overlay-color":"","overlay-opacity":"","overlay-gradient":""}},"footnotes":""},"class_list":["post-5385","page","type-page","status-publish","hentry"],"_links":{"self":[{"href":"https:\/\/www.papymousse.be\/nl\/wp-json\/wp\/v2\/pages\/5385","targetHints":{"allow":["GET"]}}],"collection":[{"href":"https:\/\/www.papymousse.be\/nl\/wp-json\/wp\/v2\/pages"}],"about":[{"href":"https:\/\/www.papymousse.be\/nl\/wp-json\/wp\/v2\/types\/page"}],"author":[{"embeddable":true,"href":"https:\/\/www.papymousse.be\/nl\/wp-json\/wp\/v2\/users\/1"}],"replies":[{"embeddable":true,"href":"https:\/\/www.papymousse.be\/nl\/wp-json\/wp\/v2\/comments?post=5385"}],"version-history":[{"count":8,"href":"https:\/\/www.papymousse.be\/nl\/wp-json\/wp\/v2\/pages\/5385\/revisions"}],"predecessor-version":[{"id":5414,"href":"https:\/\/www.papymousse.be\/nl\/wp-json\/wp\/v2\/pages\/5385\/revisions\/5414"}],"wp:attachment":[{"href":"https:\/\/www.papymousse.be\/nl\/wp-json\/wp\/v2\/media?parent=5385"}],"curies":[{"name":"wp","href":"https:\/\/api.w.org\/{rel}","templated":true}]}}